{"id":103,"date":"2023-03-16T01:09:17","date_gmt":"2023-03-16T01:09:17","guid":{"rendered":"https:\/\/ricardosilvamkt.com\/?page_id=103"},"modified":"2025-08-19T11:13:53","modified_gmt":"2025-08-19T17:13:53","slug":"inicio","status":"publish","type":"page","link":"https:\/\/ricardosilvamkt.com\/","title":{"rendered":"Inicio"},"content":{"rendered":"<style>\/*! elementor - v3.12.2 - 23-04-2023 *\/<br \/>\n.elementor-widget-divider{--divider-border-style:none;--divider-border-width:1px;--divider-color:#0c0d0e;--divider-icon-size:20px;--divider-element-spacing:10px;--divider-pattern-height:24px;--divider-pattern-size:20px;--divider-pattern-url:none;--divider-pattern-repeat:repeat-x}.elementor-widget-divider .elementor-divider{display:flex}.elementor-widget-divider .elementor-divider__text{font-size:15px;line-height:1;max-width:95%}.elementor-widget-divider .elementor-divider__element{margin:0 var(--divider-element-spacing);flex-shrink:0}.elementor-widget-divider .elementor-icon{font-size:var(--divider-icon-size)}.elementor-widget-divider .elementor-divider-separator{display:flex;margin:0;direction:ltr}.elementor-widget-divider--view-line_icon .elementor-divider-separator,.elementor-widget-divider--view-line_text .elementor-divider-separator{align-items:center}.elementor-widget-divider--view-line_icon .elementor-divider-separator:after,.elementor-widget-divider--view-line_icon .elementor-divider-separator:before,.elementor-widget-divider--view-line_text .elementor-divider-separator:after,.elementor-widget-divider--view-line_text .elementor-divider-separator:before{display:block;content:\"\";border-bottom:0;flex-grow:1;border-top:var(--divider-border-width) var(--divider-border-style) var(--divider-color)}.elementor-widget-divider--element-align-left .elementor-divider .elementor-divider-separator>.elementor-divider__svg:first-of-type{flex-grow:0;flex-shrink:100}.elementor-widget-divider--element-align-left .elementor-divider-separator:before{content:none}.elementor-widget-divider--element-align-left .elementor-divider__element{margin-left:0}.elementor-widget-divider--element-align-right .elementor-divider .elementor-divider-separator>.elementor-divider__svg:last-of-type{flex-grow:0;flex-shrink:100}.elementor-widget-divider--element-align-right .elementor-divider-separator:after{content:none}.elementor-widget-divider--element-align-right .elementor-divider__element{margin-right:0}.elementor-widget-divider:not(.elementor-widget-divider--view-line_text):not(.elementor-widget-divider--view-line_icon) .elementor-divider-separator{border-top:var(--divider-border-width) var(--divider-border-style) var(--divider-color)}.elementor-widget-divider--separator-type-pattern{--divider-border-style:none}.elementor-widget-divider--separator-type-pattern.elementor-widget-divider--view-line .elementor-divider-separator,.elementor-widget-divider--separator-type-pattern:not(.elementor-widget-divider--view-line) .elementor-divider-separator:after,.elementor-widget-divider--separator-type-pattern:not(.elementor-widget-divider--view-line) .elementor-divider-separator:before,.elementor-widget-divider--separator-type-pattern:not([class*=elementor-widget-divider--view]) .elementor-divider-separator{width:100%;min-height:var(--divider-pattern-height);-webkit-mask-size:var(--divider-pattern-size) 100%;mask-size:var(--divider-pattern-size) 100%;-webkit-mask-repeat:var(--divider-pattern-repeat);mask-repeat:var(--divider-pattern-repeat);background-color:var(--divider-color);-webkit-mask-image:var(--divider-pattern-url);mask-image:var(--divider-pattern-url)}.elementor-widget-divider--no-spacing{--divider-pattern-size:auto}.elementor-widget-divider--bg-round{--divider-pattern-repeat:round}.rtl .elementor-widget-divider .elementor-divider__text{direction:rtl}.e-con-inner>.elementor-widget-divider,.e-con>.elementor-widget-divider{width:var(--container-widget-width,100%);--flex-grow:var(--container-widget-flex-grow)}<\/style>\n<style>\/*! elementor - v3.12.2 - 23-04-2023 *\/<br \/>\n.elementor-heading-title{padding:0;margin:0;line-height:1}.elementor-widget-heading .elementor-heading-title[class*=elementor-size-]>a{color:inherit;font-size:inherit;line-height:inherit}.elementor-widget-heading .elementor-heading-title.elementor-size-small{font-size:15px}.elementor-widget-heading .elementor-heading-title.elementor-size-medium{font-size:19px}.elementor-widget-heading .elementor-heading-title.elementor-size-large{font-size:29px}.elementor-widget-heading .elementor-heading-title.elementor-size-xl{font-size:39px}.elementor-widget-heading .elementor-heading-title.elementor-size-xxl{font-size:59px}<\/style>\n<h5>Marketing<\/h5>\n<p><a href=\"https:\/\/mail.hostinger.com\/\" role=\"button\"><br \/>\nCorreos<br \/>\n<\/a><\/p>\n<h2>S\u00edguenos<\/h2>\n<style>\/*! elementor - v3.12.2 - 23-04-2023 *\/<br \/>\n.elementor-widget-social-icons.elementor-grid-0 .elementor-widget-container,.elementor-widget-social-icons.elementor-grid-mobile-0 .elementor-widget-container,.elementor-widget-social-icons.elementor-grid-tablet-0 .elementor-widget-container{line-height:1;font-size:0}.elementor-widget-social-icons:not(.elementor-grid-0):not(.elementor-grid-tablet-0):not(.elementor-grid-mobile-0) .elementor-grid{display:inline-grid}.elementor-widget-social-icons .elementor-grid{grid-column-gap:var(--grid-column-gap,5px);grid-row-gap:var(--grid-row-gap,5px);grid-template-columns:var(--grid-template-columns);justify-content:var(--justify-content,center);justify-items:var(--justify-content,center)}.elementor-icon.elementor-social-icon{font-size:var(--icon-size,25px);line-height:var(--icon-size,25px);width:calc(var(--icon-size, 25px) + (2 * var(--icon-padding, .5em)));height:calc(var(--icon-size, 25px) + (2 * var(--icon-padding, .5em)))}.elementor-social-icon{--e-social-icon-icon-color:#fff;display:inline-flex;background-color:#69727d;align-items:center;justify-content:center;text-align:center;cursor:pointer}.elementor-social-icon i{color:var(--e-social-icon-icon-color)}.elementor-social-icon svg{fill:var(--e-social-icon-icon-color)}.elementor-social-icon:last-child{margin:0}.elementor-social-icon:hover{opacity:.9;color:#fff}.elementor-social-icon-android{background-color:#a4c639}.elementor-social-icon-apple{background-color:#999}.elementor-social-icon-behance{background-color:#1769ff}.elementor-social-icon-bitbucket{background-color:#205081}.elementor-social-icon-codepen{background-color:#000}.elementor-social-icon-delicious{background-color:#39f}.elementor-social-icon-deviantart{background-color:#05cc47}.elementor-social-icon-digg{background-color:#005be2}.elementor-social-icon-dribbble{background-color:#ea4c89}.elementor-social-icon-elementor{background-color:#d30c5c}.elementor-social-icon-envelope{background-color:#ea4335}.elementor-social-icon-facebook,.elementor-social-icon-facebook-f{background-color:#3b5998}.elementor-social-icon-flickr{background-color:#0063dc}.elementor-social-icon-foursquare{background-color:#2d5be3}.elementor-social-icon-free-code-camp,.elementor-social-icon-freecodecamp{background-color:#006400}.elementor-social-icon-github{background-color:#333}.elementor-social-icon-gitlab{background-color:#e24329}.elementor-social-icon-globe{background-color:#69727d}.elementor-social-icon-google-plus,.elementor-social-icon-google-plus-g{background-color:#dd4b39}.elementor-social-icon-houzz{background-color:#7ac142}.elementor-social-icon-instagram{background-color:#262626}.elementor-social-icon-jsfiddle{background-color:#487aa2}.elementor-social-icon-link{background-color:#818a91}.elementor-social-icon-linkedin,.elementor-social-icon-linkedin-in{background-color:#0077b5}.elementor-social-icon-medium{background-color:#00ab6b}.elementor-social-icon-meetup{background-color:#ec1c40}.elementor-social-icon-mixcloud{background-color:#273a4b}.elementor-social-icon-odnoklassniki{background-color:#f4731c}.elementor-social-icon-pinterest{background-color:#bd081c}.elementor-social-icon-product-hunt{background-color:#da552f}.elementor-social-icon-reddit{background-color:#ff4500}.elementor-social-icon-rss{background-color:#f26522}.elementor-social-icon-shopping-cart{background-color:#4caf50}.elementor-social-icon-skype{background-color:#00aff0}.elementor-social-icon-slideshare{background-color:#0077b5}.elementor-social-icon-snapchat{background-color:#fffc00}.elementor-social-icon-soundcloud{background-color:#f80}.elementor-social-icon-spotify{background-color:#2ebd59}.elementor-social-icon-stack-overflow{background-color:#fe7a15}.elementor-social-icon-steam{background-color:#00adee}.elementor-social-icon-stumbleupon{background-color:#eb4924}.elementor-social-icon-telegram{background-color:#2ca5e0}.elementor-social-icon-thumb-tack{background-color:#1aa1d8}.elementor-social-icon-tripadvisor{background-color:#589442}.elementor-social-icon-tumblr{background-color:#35465c}.elementor-social-icon-twitch{background-color:#6441a5}.elementor-social-icon-twitter{background-color:#1da1f2}.elementor-social-icon-viber{background-color:#665cac}.elementor-social-icon-vimeo{background-color:#1ab7ea}.elementor-social-icon-vk{background-color:#45668e}.elementor-social-icon-weibo{background-color:#dd2430}.elementor-social-icon-weixin{background-color:#31a918}.elementor-social-icon-whatsapp{background-color:#25d366}.elementor-social-icon-wordpress{background-color:#21759b}.elementor-social-icon-xing{background-color:#026466}.elementor-social-icon-yelp{background-color:#af0606}.elementor-social-icon-youtube{background-color:#cd201f}.elementor-social-icon-500px{background-color:#0099e5}.elementor-shape-rounded .elementor-icon.elementor-social-icon{border-radius:10%}.elementor-shape-circle .elementor-icon.elementor-social-icon{border-radius:50%}<\/style>\n<p>\t\t\t\t\t<a href=\"https:\/\/api.whatsapp.com\/send?phone=523125504239\" target=\"_blank\" rel=\"noopener\"><br \/>\nWhatsapp<br \/>\n<\/a><br \/>\n<a href=\"https:\/\/www.facebook.com\/RicardoSilvaMKT\" target=\"_blank\" rel=\"noopener\"><br \/>\nFacebook<br \/>\n<\/a><br \/>\n<a href=\"https:\/\/www.instagram.com\/ricardosilva_mkt\/\" target=\"_blank\" rel=\"noopener\"><br \/>\nInstagram<br \/>\n<\/a><br \/>\n<a href=\"https:\/\/twitter.com\/ricardosilvam\" target=\"_blank\" rel=\"noopener\"><br \/>\nTwitter<br \/>\n<\/a><br \/>\n<a href=\"https:\/\/www.linkedin.com\/company\/ricardosilvamkt\/\" target=\"_blank\" rel=\"noopener\"><br \/>\nLinkedin<br \/>\n<\/a><br \/>\n<a href=\"https:\/\/www.tiktok.com\/@ricardosilvamontielmkt?is_from_webapp=1&amp;sender_device=pc\" target=\"_blank\" rel=\"noopener\"><br \/>\nTiktok<br \/>\n<\/a><br \/>\n<a href=\"mailto:direccion@ricardosilvamkt.com\" target=\"_blank\" rel=\"noopener\"><br \/>\nMail-bulk<br \/>\n<\/a><\/p>\n<style>\/*! elementor - v3.12.2 - 23-04-2023 *\/<br \/>\n.elementor-column .elementor-spacer-inner{height:var(--spacer-size)}.e-con{--container-widget-width:100%}.e-con-inner>.elementor-widget-spacer,.e-con>.elementor-widget-spacer{width:var(--container-widget-width,var(--spacer-size));--align-self:var(--container-widget-align-self,initial);--flex-shrink:0}.e-con-inner>.elementor-widget-spacer>.elementor-widget-container,.e-con-inner>.elementor-widget-spacer>.elementor-widget-container>.elementor-spacer,.e-con>.elementor-widget-spacer>.elementor-widget-container,.e-con>.elementor-widget-spacer>.elementor-widget-container>.elementor-spacer{height:100%}.e-con-inner>.elementor-widget-spacer>.elementor-widget-container>.elementor-spacer>.elementor-spacer-inner,.e-con>.elementor-widget-spacer>.elementor-widget-container>.elementor-spacer>.elementor-spacer-inner{height:var(--container-widget-height,var(--spacer-size))}<\/style>\n<h3>\u00bfQui\u00e9nes somos?<\/h3>\n<h2>Sobre Nosotros<\/h2>\n<h6>Dr. Rick Publicidad naci\u00f3 de una idea simple pero poderosa: hacer que las marcas se vean, se sientan y se recuerden. Fundada en Colima por el Dr. Ricardo Silva Montiel, la empresa comenz\u00f3 como un taller de dise\u00f1o de etiquetas y stickers personalizados, y hoy se ha consolidado como una agencia integral de soluciones visuales para empresas de todos los tama\u00f1os.<br \/>\nCon m\u00e1s de una d\u00e9cada de experiencia en el \u00e1mbito creativo, comercial e industrial, hemos evolucionado junto con nuestros clientes, adapt\u00e1ndonos a sus necesidades y acompa\u00f1ando su crecimiento con productos de alta calidad, atenci\u00f3n personalizada y un compromiso firme con los resultados.<br \/>\nLo que empez\u00f3 como un peque\u00f1o emprendimiento ha crecido gracias al profesionalismo, la pasi\u00f3n por el detalle y la confianza de quienes creen en lo que hacemos. Hoy, Dr. Rick Publicidad ofrece desde etiquetas adhesivas hasta publicidad impresa, rotulaci\u00f3n, displays, soluciones de empaque y branding estrat\u00e9gico.<br \/>\nTransformamos ideas en impacto visual. Cada proyecto que desarrollamos es una oportunidad para construir marca, comunicar valor y dejar huella.<\/h6>\n<h2>Servicios<\/h2>\n<p><a href=\"https:\/\/ricardosilvamkt.com\/index.php\/servicios\/\" role=\"button\"><br \/>\nMercadotecnia Digital<br \/>\n<\/a><br \/>\n<a href=\"#Servicios\" role=\"button\"><br \/>\nImpresi\u00f3n Gran Formato<br \/>\n<\/a><br \/>\n<a href=\"https:\/\/ricardosilvamkt.com\/index.php\/servicios\/\" role=\"button\"><br \/>\nSe\u00f1al\u00e9tica<br \/>\n<\/a><br \/>\n<a href=\"https:\/\/ricardosilvamkt.com\/index.php\/servicios\/\" role=\"button\"><br \/>\nUniformes y Art. promocionales<br \/>\n<\/a><br \/>\n<a href=\"https:\/\/ricardosilvamkt.com\/index.php\/servicios\/\" role=\"button\"><br \/>\nRegistro de  Marca<br \/>\n<\/a><br \/>\n<a href=\"https:\/\/ricardosilvamkt.com\/index.php\/servicios\/\" role=\"button\"><br \/>\nFotograf\u00eda y Video<br \/>\n<\/a><\/p>\n","protected":false},"excerpt":{"rendered":"<p>Marketing Correos S\u00edguenos Whatsapp Facebook Instagram Twitter Linkedin Tiktok Mail-bulk \u00bfQui\u00e9nes somos? Sobre Nosotros Dr. Rick Publicidad naci\u00f3 de una idea simple pero poderosa: hacer que las marcas se vean, se sientan y se recuerden. Fundada en Colima por el Dr. Ricardo Silva Montiel, la empresa comenz\u00f3 como un taller de dise\u00f1o de etiquetas y [&hellip;]<\/p>\n","protected":false},"author":1,"featured_media":0,"parent":0,"menu_order":0,"comment_status":"closed","ping_status":"closed","template":"elementor_header_footer","meta":[],"aioseo_notices":[],"_links":{"self":[{"href":"https:\/\/ricardosilvamkt.com\/index.php\/wp-json\/wp\/v2\/pages\/103"}],"collection":[{"href":"https:\/\/ricardosilvamkt.com\/index.php\/wp-json\/wp\/v2\/pages"}],"about":[{"href":"https:\/\/ricardosilvamkt.com\/index.php\/wp-json\/wp\/v2\/types\/page"}],"author":[{"embeddable":true,"href":"https:\/\/ricardosilvamkt.com\/index.php\/wp-json\/wp\/v2\/users\/1"}],"replies":[{"embeddable":true,"href":"https:\/\/ricardosilvamkt.com\/index.php\/wp-json\/wp\/v2\/comments?post=103"}],"version-history":[{"count":109,"href":"https:\/\/ricardosilvamkt.com\/index.php\/wp-json\/wp\/v2\/pages\/103\/revisions"}],"predecessor-version":[{"id":642,"href":"https:\/\/ricardosilvamkt.com\/index.php\/wp-json\/wp\/v2\/pages\/103\/revisions\/642"}],"wp:attachment":[{"href":"https:\/\/ricardosilvamkt.com\/index.php\/wp-json\/wp\/v2\/media?parent=103"}],"curies":[{"name":"wp","href":"https:\/\/api.w.org\/{rel}","templated":true}]}}